{"id":10196,"date":"2020-04-21T14:19:18","date_gmt":"2020-04-21T19:19:18","guid":{"rendered":"https:\/\/emarkgroup.com\/respaldo\/?page_id=10196"},"modified":"2025-12-23T13:17:58","modified_gmt":"2025-12-23T18:17:58","slug":"blog","status":"publish","type":"page","link":"https:\/\/emarkgroup.com\/es\/blog\/","title":{"rendered":"Blog"},"content":{"rendered":"<div data-elementor-type=\"wp-page\" data-elementor-id=\"10196\" class=\"elementor elementor-10196\" data-elementor-post-type=\"page\">\n\t\t\t\t\t\t<section class=\"elementor-section elementor-top-section elementor-element elementor-element-7f22b8a elementor-section-height-min-height elementor-section-boxed elementor-section-height-default elementor-section-items-middle\" data-id=\"7f22b8a\" data-element_type=\"section\" data-settings=\"{&quot;background_background&quot;:&quot;classic&quot;}\">\n\t\t\t\t\t\t<div class=\"elementor-container elementor-column-gap-default\">\n\t\t\t\t\t<div class=\"elementor-column elementor-col-100 elementor-top-column elementor-element elementor-element-f0d8a4a\" data-id=\"f0d8a4a\" data-element_type=\"column\">\n\t\t\t<div class=\"elementor-widget-wrap elementor-element-populated\">\n\t\t\t\t\t\t<div class=\"elementor-element elementor-element-e96776e elementor-widget elementor-widget-heading\" data-id=\"e96776e\" data-element_type=\"widget\" data-widget_type=\"heading.default\">\n\t\t\t\t<div class=\"elementor-widget-container\">\n\t\t\t<h2 class=\"elementor-heading-title elementor-size-default\">Emark Blog<\/h2>\t\t<\/div>\n\t\t\t\t<\/div>\n\t\t\t\t\t<\/div>\n\t\t<\/div>\n\t\t\t\t\t<\/div>\n\t\t<\/section>\n\t\t\t\t<section class=\"elementor-section elementor-top-section elementor-element elementor-element-09e333f elementor-section-boxed elementor-section-height-default elementor-section-height-default\" data-id=\"09e333f\" data-element_type=\"section\" data-settings=\"{&quot;background_background&quot;:&quot;gradient&quot;}\">\n\t\t\t\t\t\t<div class=\"elementor-container elementor-column-gap-default\">\n\t\t\t\t\t<div class=\"elementor-column elementor-col-100 elementor-top-column elementor-element elementor-element-ebfc8e8\" data-id=\"ebfc8e8\" data-element_type=\"column\">\n\t\t\t<div class=\"elementor-widget-wrap elementor-element-populated\">\n\t\t\t\t\t\t<div class=\"elementor-element elementor-element-90ac26e elementor-widget elementor-widget-text-editor\" data-id=\"90ac26e\" data-element_type=\"widget\" data-widget_type=\"text-editor.default\">\n\t\t\t\t<div class=\"elementor-widget-container\">\n\t\t\t\t\t\t\t<p style=\"text-align: justify;\"><strong>\u00a1Las \u00faltimas Noticias, Tendencias y Actualizaciones para sus eventos, grupos, viajes corporativos y placer de nuestro experto equipo de Emark para ti!<\/strong><\/p>\t\t\t\t\t\t<\/div>\n\t\t\t\t<\/div>\n\t\t\t\t\t<\/div>\n\t\t<\/div>\n\t\t\t\t\t<\/div>\n\t\t<\/section>\n\t\t\t\t<section class=\"elementor-section elementor-top-section elementor-element elementor-element-7e9a875 elementor-section-boxed elementor-section-height-default elementor-section-height-default\" data-id=\"7e9a875\" data-element_type=\"section\" data-settings=\"{&quot;background_background&quot;:&quot;classic&quot;}\">\n\t\t\t\t\t\t<div class=\"elementor-container elementor-column-gap-default\">\n\t\t\t\t\t<div class=\"elementor-column elementor-col-66 elementor-top-column elementor-element elementor-element-ff56217\" data-id=\"ff56217\" data-element_type=\"column\">\n\t\t\t<div class=\"elementor-widget-wrap elementor-element-populated\">\n\t\t\t\t\t\t<div class=\"elementor-element elementor-element-b77d7e4 elementor-grid-2 elementor-widget__width-initial elementor-grid-tablet-2 elementor-grid-mobile-1 elementor-posts--thumbnail-top elementor-widget elementor-widget-posts\" data-id=\"b77d7e4\" data-element_type=\"widget\" data-settings=\"{&quot;classic_columns&quot;:&quot;2&quot;,&quot;classic_columns_tablet&quot;:&quot;2&quot;,&quot;classic_columns_mobile&quot;:&quot;1&quot;,&quot;classic_row_gap&quot;:{&quot;unit&quot;:&quot;px&quot;,&quot;size&quot;:35,&quot;sizes&quot;:[]},&quot;classic_row_gap_tablet&quot;:{&quot;unit&quot;:&quot;px&quot;,&quot;size&quot;:&quot;&quot;,&quot;sizes&quot;:[]},&quot;classic_row_gap_mobile&quot;:{&quot;unit&quot;:&quot;px&quot;,&quot;size&quot;:&quot;&quot;,&quot;sizes&quot;:[]}}\" data-widget_type=\"posts.classic\">\n\t\t\t\t<div class=\"elementor-widget-container\">\n\t\t\t\t\t<div class=\"elementor-posts-container elementor-posts elementor-posts--skin-classic elementor-grid\">\n\t\t\t\t<article class=\"elementor-post elementor-grid-item post-12000 post type-post status-publish format-standard has-post-thumbnail hentry category-news\">\n\t\t\t\t<a class=\"elementor-post__thumbnail__link\" href=\"https:\/\/emarkgroup.com\/es\/reasons-to-use-a-dmc\/\" tabindex=\"-1\" >\n\t\t\t<div class=\"elementor-post__thumbnail\"><img fetchpriority=\"high\" decoding=\"async\" width=\"300\" height=\"181\" src=\"https:\/\/emarkgroup.com\/wp-content\/uploads\/2020\/05\/reasons-to-use-a-dmc-300x181.jpg\" class=\"attachment-medium size-medium wp-image-11090\" alt=\"\" srcset=\"https:\/\/emarkgroup.com\/wp-content\/uploads\/2020\/05\/reasons-to-use-a-dmc-300x181.jpg 300w, https:\/\/emarkgroup.com\/wp-content\/uploads\/2020\/05\/reasons-to-use-a-dmc-1024x618.jpg 1024w, https:\/\/emarkgroup.com\/wp-content\/uploads\/2020\/05\/reasons-to-use-a-dmc-768x464.jpg 768w, https:\/\/emarkgroup.com\/wp-content\/uploads\/2020\/05\/reasons-to-use-a-dmc.jpg 2000w\" sizes=\"(max-width: 300px) 100vw, 300px\" \/><\/div>\n\t\t<\/a>\n\t\t\t\t<div class=\"elementor-post__text\">\n\t\t\t\t<h3 class=\"elementor-post__title\">\n\t\t\t<a href=\"https:\/\/emarkgroup.com\/es\/reasons-to-use-a-dmc\/\" >\n\t\t\t\tRazones para utilizar un DMC\t\t\t<\/a>\n\t\t<\/h3>\n\t\t\t\t<div class=\"elementor-post__excerpt\">\n\t\t\t<p>De acuerdo con ADME International - ADME \u2013 \u201cAssociation of Destination Management Executives International\u201d (Asociaci\u00f3n de empresas de gesti\u00f3n de<\/p>\n\t\t<\/div>\n\t\t\n\t\t<a class=\"elementor-post__read-more\" href=\"https:\/\/emarkgroup.com\/es\/reasons-to-use-a-dmc\/\" aria-label=\"Read more about Reasons to use a DMC\" tabindex=\"-1\" >\n\t\t\tSaber Mas\t\t<\/a>\n\n\t\t\t\t<\/div>\n\t\t\t\t<\/article>\n\t\t\t\t<article class=\"elementor-post elementor-grid-item post-11997 post type-post status-publish format-standard has-post-thumbnail hentry category-news\">\n\t\t\t\t<a class=\"elementor-post__thumbnail__link\" href=\"https:\/\/emarkgroup.com\/es\/incentive-programs\/\" tabindex=\"-1\" >\n\t\t\t<div class=\"elementor-post__thumbnail\"><img decoding=\"async\" width=\"300\" height=\"150\" src=\"https:\/\/emarkgroup.com\/wp-content\/uploads\/2020\/05\/incentive-Programs-1-300x150.jpg\" class=\"attachment-medium size-medium wp-image-11093\" alt=\"\" srcset=\"https:\/\/emarkgroup.com\/wp-content\/uploads\/2020\/05\/incentive-Programs-1-300x150.jpg 300w, https:\/\/emarkgroup.com\/wp-content\/uploads\/2020\/05\/incentive-Programs-1-1024x512.jpg 1024w, https:\/\/emarkgroup.com\/wp-content\/uploads\/2020\/05\/incentive-Programs-1-768x384.jpg 768w, https:\/\/emarkgroup.com\/wp-content\/uploads\/2020\/05\/incentive-Programs-1.jpg 1500w\" sizes=\"(max-width: 300px) 100vw, 300px\" \/><\/div>\n\t\t<\/a>\n\t\t\t\t<div class=\"elementor-post__text\">\n\t\t\t\t<h3 class=\"elementor-post__title\">\n\t\t\t<a href=\"https:\/\/emarkgroup.com\/es\/incentive-programs\/\" >\n\t\t\t\tProgramas de Incentivo\t\t\t<\/a>\n\t\t<\/h3>\n\t\t\t\t<div class=\"elementor-post__excerpt\">\n\t\t\t<p>En este segmento en particular, la creatividad es el ingrediente n\u00famero uno para producir eventos memorables, as\u00ed como para fomentar la cohesi\u00f3n<\/p>\n\t\t<\/div>\n\t\t\n\t\t<a class=\"elementor-post__read-more\" href=\"https:\/\/emarkgroup.com\/es\/incentive-programs\/\" aria-label=\"Read more about Incentive Programs\" tabindex=\"-1\" >\n\t\t\tSaber Mas\t\t<\/a>\n\n\t\t\t\t<\/div>\n\t\t\t\t<\/article>\n\t\t\t\t<article class=\"elementor-post elementor-grid-item post-11995 post type-post status-publish format-standard has-post-thumbnail hentry category-news\">\n\t\t\t\t<a class=\"elementor-post__thumbnail__link\" href=\"https:\/\/emarkgroup.com\/es\/congresses-conventions\/\" tabindex=\"-1\" >\n\t\t\t<div class=\"elementor-post__thumbnail\"><img decoding=\"async\" width=\"1\" height=\"1\" src=\"https:\/\/emarkgroup.com\/wp-content\/uploads\/2020\/05\/Congresses-Conventions.jpg\" class=\"attachment-medium size-medium wp-image-11088\" alt=\"\" \/><\/div>\n\t\t<\/a>\n\t\t\t\t<div class=\"elementor-post__text\">\n\t\t\t\t<h3 class=\"elementor-post__title\">\n\t\t\t<a href=\"https:\/\/emarkgroup.com\/es\/congresses-conventions\/\" >\n\t\t\t\tCongresos &amp; Convenciones\t\t\t<\/a>\n\t\t<\/h3>\n\t\t\t\t<div class=\"elementor-post__excerpt\">\n\t\t\t<p>El turismo es una de las industrias de m\u00e1s r\u00e1pido funcionamiento en el mundo. El turismo de congresos forma parte de la industria del turismo que<\/p>\n\t\t<\/div>\n\t\t\n\t\t<a class=\"elementor-post__read-more\" href=\"https:\/\/emarkgroup.com\/es\/congresses-conventions\/\" aria-label=\"Read more about Congresses &amp; Conventions\" tabindex=\"-1\" >\n\t\t\tSaber Mas\t\t<\/a>\n\n\t\t\t\t<\/div>\n\t\t\t\t<\/article>\n\t\t\t\t<article class=\"elementor-post elementor-grid-item post-11993 post type-post status-publish format-standard has-post-thumbnail hentry category-news\">\n\t\t\t\t<a class=\"elementor-post__thumbnail__link\" href=\"https:\/\/emarkgroup.com\/es\/wholesale-tourism\/\" tabindex=\"-1\" >\n\t\t\t<div class=\"elementor-post__thumbnail\"><img loading=\"lazy\" decoding=\"async\" width=\"300\" height=\"198\" src=\"https:\/\/emarkgroup.com\/wp-content\/uploads\/2020\/04\/Wholesale-tourism-1-300x198.jpg\" class=\"attachment-medium size-medium wp-image-10287\" alt=\"\" srcset=\"https:\/\/emarkgroup.com\/wp-content\/uploads\/2020\/04\/Wholesale-tourism-1-300x198.jpg 300w, https:\/\/emarkgroup.com\/wp-content\/uploads\/2020\/04\/Wholesale-tourism-1-1024x675.jpg 1024w, https:\/\/emarkgroup.com\/wp-content\/uploads\/2020\/04\/Wholesale-tourism-1-768x506.jpg 768w, https:\/\/emarkgroup.com\/wp-content\/uploads\/2020\/04\/Wholesale-tourism-1.jpg 1791w\" sizes=\"(max-width: 300px) 100vw, 300px\" \/><\/div>\n\t\t<\/a>\n\t\t\t\t<div class=\"elementor-post__text\">\n\t\t\t\t<h3 class=\"elementor-post__title\">\n\t\t\t<a href=\"https:\/\/emarkgroup.com\/es\/wholesale-tourism\/\" >\n\t\t\t\tTurismo Mayorista\t\t\t<\/a>\n\t\t<\/h3>\n\t\t\t\t<div class=\"elementor-post__excerpt\">\n\t\t\t<p>Una empresa de turismo mayorista suele crear y comercializar paquetes de viajes incluidos FIT v\n a la venta a trav\u00e9s de agentes de viajes<\/p>\n\t\t<\/div>\n\t\t\n\t\t<a class=\"elementor-post__read-more\" href=\"https:\/\/emarkgroup.com\/es\/wholesale-tourism\/\" aria-label=\"Read more about Wholesale tourism\" tabindex=\"-1\" >\n\t\t\tSaber Mas\t\t<\/a>\n\n\t\t\t\t<\/div>\n\t\t\t\t<\/article>\n\t\t\t\t<article class=\"elementor-post elementor-grid-item post-11990 post type-post status-publish format-standard has-post-thumbnail hentry category-news\">\n\t\t\t\t<a class=\"elementor-post__thumbnail__link\" href=\"https:\/\/emarkgroup.com\/es\/what-is-a-dmc\/\" tabindex=\"-1\" >\n\t\t\t<div class=\"elementor-post__thumbnail\"><img fetchpriority=\"high\" decoding=\"async\" width=\"300\" height=\"181\" src=\"https:\/\/emarkgroup.com\/wp-content\/uploads\/2020\/05\/reasons-to-use-a-dmc-300x181.jpg\" class=\"attachment-medium size-medium wp-image-11090\" alt=\"\" srcset=\"https:\/\/emarkgroup.com\/wp-content\/uploads\/2020\/05\/reasons-to-use-a-dmc-300x181.jpg 300w, https:\/\/emarkgroup.com\/wp-content\/uploads\/2020\/05\/reasons-to-use-a-dmc-1024x618.jpg 1024w, https:\/\/emarkgroup.com\/wp-content\/uploads\/2020\/05\/reasons-to-use-a-dmc-768x464.jpg 768w, https:\/\/emarkgroup.com\/wp-content\/uploads\/2020\/05\/reasons-to-use-a-dmc.jpg 2000w\" sizes=\"(max-width: 300px) 100vw, 300px\" \/><\/div>\n\t\t<\/a>\n\t\t\t\t<div class=\"elementor-post__text\">\n\t\t\t\t<h3 class=\"elementor-post__title\">\n\t\t\t<a href=\"https:\/\/emarkgroup.com\/es\/what-is-a-dmc\/\" >\n\t\t\t\t\u00bfQu\u00e9 es un DMC?\t\t\t<\/a>\n\t\t<\/h3>\n\t\t\t\t<div class=\"elementor-post__excerpt\">\n\t\t\t<p>Un \"DMC\u201d Destination Management Compay es una empresa de gesti\u00f3n de destinos que proporciona conocimientos locales actuando como una extensi\u00f3n de su empresa ofreciendo log\u00edstica especializada y servicios terrestres en el destino<\/p>\n\t\t<\/div>\n\t\t\n\t\t<a class=\"elementor-post__read-more\" href=\"https:\/\/emarkgroup.com\/es\/what-is-a-dmc\/\" aria-label=\"Read more about What is a DMC?\" tabindex=\"-1\" >\n\t\t\tSaber Mas\t\t<\/a>\n\n\t\t\t\t<\/div>\n\t\t\t\t<\/article>\n\t\t\t\t<\/div>\n\t\t\n\t\t\t\t<\/div>\n\t\t\t\t<\/div>\n\t\t\t\t\t<\/div>\n\t\t<\/div>\n\t\t\t\t<div class=\"elementor-column elementor-col-33 elementor-top-column elementor-element elementor-element-6d1fe5d\" data-id=\"6d1fe5d\" data-element_type=\"column\">\n\t\t\t<div class=\"elementor-widget-wrap elementor-element-populated\">\n\t\t\t\t\t\t<div class=\"elementor-element elementor-element-95fdc62 elementor-widget elementor-widget-sidebar\" data-id=\"95fdc62\" data-element_type=\"widget\" data-widget_type=\"sidebar.default\">\n\t\t\t\t<div class=\"elementor-widget-container\">\n\t\t\t<aside id=\"search-2\" class=\"widget widget_search\"><h2 class=\"widget-title\">Buscar<\/h2><form role=\"search\" method=\"get\" class=\"search-form\" action=\"https:\/\/emarkgroup.com\/es\/\" data-trp-original-action=\"https:\/\/emarkgroup.com\/es\/\">\n\t<label for=\"search-field\">\n\t\t<span class=\"screen-reader-text\">Buscar:<\/span>\n\t\t<input type=\"search\" id=\"search-field\" class=\"search-field\"   placeholder=\"Buscar...\" value=\"\" name=\"s\" tabindex=\"-1\">\n\t\t\t<\/label>\n\t\t\t<input type=\"submit\" class=\"search-submit\" value=\"Buscar\">\n\t<input type=\"hidden\" name=\"trp-form-language\" value=\"es\"\/><\/form>\n<\/aside>\n\t\t<aside id=\"recent-posts-2\" class=\"widget widget_recent_entries\">\n\t\t<h2 class=\"widget-title\">PUBLICACIONES RECIENTES<\/h2><nav aria-label=\"PUBLICACIONES RECIENTES\">\n\t\t<ul>\n\t\t\t\t\t\t\t\t\t\t\t<li>\n\t\t\t\t\t<a href=\"https:\/\/emarkgroup.com\/es\/reasons-to-use-a-dmc\/\">Razones para utilizar un DMC<\/a>\n\t\t\t\t\t\t\t\t\t<\/li>\n\t\t\t\t\t\t\t\t\t\t\t<li>\n\t\t\t\t\t<a href=\"https:\/\/emarkgroup.com\/es\/incentive-programs\/\">Programas de Incentivo<\/a>\n\t\t\t\t\t\t\t\t\t<\/li>\n\t\t\t\t\t\t\t\t\t\t\t<li>\n\t\t\t\t\t<a href=\"https:\/\/emarkgroup.com\/es\/congresses-conventions\/\">Congresos &amp; Convenciones<\/a>\n\t\t\t\t\t\t\t\t\t<\/li>\n\t\t\t\t\t\t\t\t\t\t\t<li>\n\t\t\t\t\t<a href=\"https:\/\/emarkgroup.com\/es\/wholesale-tourism\/\">Turismo Mayorista<\/a>\n\t\t\t\t\t\t\t\t\t<\/li>\n\t\t\t\t\t\t\t\t\t\t\t<li>\n\t\t\t\t\t<a href=\"https:\/\/emarkgroup.com\/es\/what-is-a-dmc\/\">\u00bfQu\u00e9 es un DMC?<\/a>\n\t\t\t\t\t\t\t\t\t<\/li>\n\t\t\t\t\t<\/ul>\n\n\t\t<\/nav><\/aside><aside id=\"categories-2\" class=\"widget widget_categories\"><h2 class=\"widget-title\">CATEGORIAS<\/h2><nav aria-label=\"CATEGORIAS\">\n\t\t\t<ul>\n\t\t\t\t\t<li class=\"cat-item cat-item-8\"><a href=\"https:\/\/emarkgroup.com\/es\/category\/news\/\">Noticias<\/a>\n<\/li>\n\t\t\t<\/ul>\n\n\t\t\t<\/nav><\/aside>\t\t<\/div>\n\t\t\t\t<\/div>\n\t\t\t\t\t<\/div>\n\t\t<\/div>\n\t\t\t\t\t<\/div>\n\t\t<\/section>\n\t\t\t\t<\/div>","protected":false},"excerpt":{"rendered":"<p>Emark Blog The latest News and Trends constantly changing and updating for events, groups, corporate and leisure travel from our Emark experts team for you!<\/p>","protected":false},"author":10,"featured_media":0,"parent":0,"menu_order":0,"comment_status":"closed","ping_status":"closed","template":"","meta":{"_uag_custom_page_level_css":"","site-sidebar-layout":"no-sidebar","site-content-layout":"page-builder","ast-site-content-layout":"default","site-content-style":"default","site-sidebar-style":"default","ast-global-header-display":"","ast-banner-title-visibility":"","ast-main-header-display":"","ast-hfb-above-header-display":"","ast-hfb-below-header-display":"","ast-hfb-mobile-header-display":"","site-post-title":"disabled","ast-breadcrumbs-content":"","ast-featured-img":"disabled","footer-sml-layout":"","theme-transparent-header-meta":"default","adv-header-id-meta":"","stick-header-meta":"default","header-above-stick-meta":"","header-main-stick-meta":"","header-below-stick-meta":"","astra-migrate-meta-layouts":"default","ast-page-background-enabled":"default","ast-page-background-meta":{"desktop":{"background-color":"","background-image":"","background-repeat":"repeat","background-position":"center center","background-size":"auto","background-attachment":"scroll","background-type":"","background-media":"","overlay-type":"","overlay-color":"","overlay-opacity":"","overlay-gradient":""},"tablet":{"background-color":"","background-image":"","background-repeat":"repeat","background-position":"center center","background-size":"auto","background-attachment":"scroll","background-type":"","background-media":"","overlay-type":"","overlay-color":"","overlay-opacity":"","overlay-gradient":""},"mobile":{"background-color":"","background-image":"","background-repeat":"repeat","background-position":"center center","background-size":"auto","background-attachment":"scroll","background-type":"","background-media":"","overlay-type":"","overlay-color":"","overlay-opacity":"","overlay-gradient":""}},"ast-content-background-meta":{"desktop":{"background-color":"var(--ast-global-color-5)","background-image":"","background-repeat":"repeat","background-position":"center center","background-size":"auto","background-attachment":"scroll","background-type":"","background-media":"","overlay-type":"","overlay-color":"","overlay-opacity":"","overlay-gradient":""},"tablet":{"background-color":"var(--ast-global-color-5)","background-image":"","background-repeat":"repeat","background-position":"center center","background-size":"auto","background-attachment":"scroll","background-type":"","background-media":"","overlay-type":"","overlay-color":"","overlay-opacity":"","overlay-gradient":""},"mobile":{"background-color":"var(--ast-global-color-5)","background-image":"","background-repeat":"repeat","background-position":"center center","background-size":"auto","background-attachment":"scroll","background-type":"","background-media":"","overlay-type":"","overlay-color":"","overlay-opacity":"","overlay-gradient":""}},"footnotes":""},"class_list":["post-10196","page","type-page","status-publish","hentry"],"uagb_featured_image_src":{"full":false,"thumbnail":false,"medium":false,"medium_large":false,"large":false,"1536x1536":false,"2048x2048":false,"trp-custom-language-flag":false},"uagb_author_info":{"display_name":"","author_link":"https:\/\/emarkgroup.com\/es\/author\/"},"uagb_comment_info":0,"uagb_excerpt":"Emark Blog The latest News and Trends constantly changing and updating for events, groups, corporate and leisure travel from our Emark experts team for you!","_links":{"self":[{"href":"https:\/\/emarkgroup.com\/es\/wp-json\/wp\/v2\/pages\/10196","targetHints":{"allow":["GET"]}}],"collection":[{"href":"https:\/\/emarkgroup.com\/es\/wp-json\/wp\/v2\/pages"}],"about":[{"href":"https:\/\/emarkgroup.com\/es\/wp-json\/wp\/v2\/types\/page"}],"author":[{"embeddable":true,"href":"https:\/\/emarkgroup.com\/es\/wp-json\/wp\/v2\/users\/10"}],"replies":[{"embeddable":true,"href":"https:\/\/emarkgroup.com\/es\/wp-json\/wp\/v2\/comments?post=10196"}],"version-history":[{"count":12,"href":"https:\/\/emarkgroup.com\/es\/wp-json\/wp\/v2\/pages\/10196\/revisions"}],"predecessor-version":[{"id":12015,"href":"https:\/\/emarkgroup.com\/es\/wp-json\/wp\/v2\/pages\/10196\/revisions\/12015"}],"wp:attachment":[{"href":"https:\/\/emarkgroup.com\/es\/wp-json\/wp\/v2\/media?parent=10196"}],"curies":[{"name":"wp","href":"https:\/\/api.w.org\/{rel}","templated":true}]}}