{"id":11744,"date":"2025-10-14T17:07:22","date_gmt":"2025-10-14T22:07:22","guid":{"rendered":"https:\/\/emarkgroup.com\/?page_id=11744"},"modified":"2025-10-14T18:39:24","modified_gmt":"2025-10-14T23:39:24","slug":"covid","status":"publish","type":"page","link":"https:\/\/emarkgroup.com\/es\/covid\/","title":{"rendered":"Covid"},"content":{"rendered":"<div data-elementor-type=\"wp-page\" data-elementor-id=\"11744\" class=\"elementor elementor-11744\" data-elementor-post-type=\"page\">\n\t\t\t\t\t\t<section class=\"elementor-section elementor-top-section elementor-element elementor-element-259f6a68 elementor-section-boxed elementor-section-height-default elementor-section-height-default\" data-id=\"259f6a68\" data-element_type=\"section\" data-settings=\"{&quot;background_background&quot;:&quot;classic&quot;}\">\n\t\t\t\t\t\t<div class=\"elementor-container elementor-column-gap-default\">\n\t\t\t\t\t<div class=\"elementor-column elementor-col-100 elementor-top-column elementor-element elementor-element-354e262\" data-id=\"354e262\" data-element_type=\"column\">\n\t\t\t<div class=\"elementor-widget-wrap elementor-element-populated\">\n\t\t\t\t\t\t<div class=\"elementor-element elementor-element-689dfce3 elementor-widget elementor-widget-text-editor\" data-id=\"689dfce3\" data-element_type=\"widget\" data-widget_type=\"text-editor.default\">\n\t\t\t\t<div class=\"elementor-widget-container\">\n\t\t\t\t\t\t\t<p><u>Emark Group DMC Protocolos de Seguridad e higiene <\/u><\/p><p>La Organizaci\u00f3n Mundial de la Salud <a href=\"https:\/\/www.who.int\/publications\/i\/item\/cleaning-and-disinfection-of-environmental-surfaces-inthe-context-of-covid-19\">(WHO)<\/a> \u00a0aconseja la adopci\u00f3n de medidas de prevenci\u00f3n y control para limitar la propagaci\u00f3n del SARS-CoV-2, el virus que causa el COVID 19. Bas\u00e1ndose en estos requisitos y directrices, Emark Group DMC ha creado protocolos y procedimientos de seguridad.<\/p><p><strong> PROTOCOLOS DE NUESTRAS INSTALACIONES<\/strong><\/p><ul><li>Los protocolos de sanidad se aplican en todas nuestras instalaciones.<\/li><li>El personal participa siguiendo los procedimientos de seguridad.<\/li><li>Saneamiento diario a trav\u00e9s de nebulizador.<\/li><li>Cobertura facial y medici\u00f3n de la temperatura corporal.<\/li><li>Alfombras para la higienizaci\u00f3n del calzado.<\/li><li>Lavado de manos.<\/li><li>Distancia f\u00edsica saludable de 1,5 m como m\u00ednimo.<\/li><li>Los protocolos de higiene est\u00e1n expuestos en lugares clave.<\/li><\/ul><p><strong>NUESTRO PERSONAL<\/strong><\/p><ul><li>Es obligatorio el uso de mascarilla o gafas de seguridad, guantes y mascarilla que cubra boca para todos los miembros del<\/li><\/ul><p>\u00a0\u00a0\u00a0\u00a0 personal (representantes, gu\u00edas, conductores, etc.)<\/p><ul><li>Se toma la temperatura para asegurarse de que est\u00e1 por debajo de 37,5\u00b0C.<\/li><li>Hay que lavarse las manos con agua y sopa.<\/li><li>Nuestro personal llevar\u00e1 un spray antibacteriano y proceder\u00e1 a una limpieza continua.<\/li><li>Distanciamiento f\u00edsico saludable y no saludar al hu\u00e9sped con la mano.<\/li><li>Uniforme y calzado del personal desinfectados y limpios.<\/li><\/ul><p><strong>NUESTROS VEH\u00cdCULOS<\/strong><\/p><ul><li>Higienizaci\u00f3n de los veh\u00edculos mediante nebulizador.<\/li><li>Aforo reducido para favorecer el distanciamiento f\u00edsico saludable.<\/li><li>Bloqueo de asientos con se\u00f1alizaci\u00f3n espec\u00edfica.<\/li><li>Dispensador de gel antibacteriano ubicado en todos los veh\u00edculos.<\/li><li>Estricto control de la manipulaci\u00f3n del equipaje para asegurar que todas las piezas est\u00e9n higienizadas antes de subir al veh\u00edculo.<\/li><li>Reducir el contacto f\u00edsico entre las personas.<\/li><\/ul><p><strong>NUESTROS CLIENTES<\/strong><\/p><ul><li>Los clientes no se saludan con la mano y deben higienizarse las manos antes de subir al veh\u00edculo.<\/li><li>Los clientes deben permanecer en los mismos asientos. Sin embargo, las familias numerosas o los grupos que viajan juntos pueden sentarse cerca.<\/li><li>Un espacio vac\u00edo o una fila entre cada pasajero para respetar el sano distanciamiento f\u00edsico.<\/li><li>Medici\u00f3n de la temperatura corporal.<\/li><\/ul><p>Si tiene alguna pregunta, puede ponerse en contacto con nosotros en: <a href=\"mailto:info@emarkgroup.com\">info@emarkgroup.com<\/a><\/p><p>\u00a0<\/p>\t\t\t\t\t\t<\/div>\n\t\t\t\t<\/div>\n\t\t\t\t\t<\/div>\n\t\t<\/div>\n\t\t\t\t\t<\/div>\n\t\t<\/section>\n\t\t\t\t<\/div>","protected":false},"excerpt":{"rendered":"<p>Emark Group DMC Protocolos de Seguridad e higiene La Organizaci\u00f3n Mundial de la Salud (WHO) \u00a0aconseja la adopci\u00f3n de medidas de prevenci\u00f3n y control para limitar la propagaci\u00f3n del SARS-CoV-2, el virus que causa el COVID 19. Bas\u00e1ndose en estos requisitos y directrices, Emark Group DMC ha creado protocolos y procedimientos de seguridad. PROTOCOLOS DE [&hellip;]<\/p>","protected":false},"author":11,"featured_media":0,"parent":0,"menu_order":0,"comment_status":"closed","ping_status":"closed","template":"","meta":{"_uag_custom_page_level_css":"","site-sidebar-layout":"no-sidebar","site-content-layout":null,"ast-site-content-layout":"default","site-content-style":"default","site-sidebar-style":"default","ast-global-header-display":"","ast-banner-title-visibility":"","ast-main-header-display":"","ast-hfb-above-header-display":null,"ast-hfb-below-header-display":null,"ast-hfb-mobile-header-display":null,"site-post-title":"","ast-breadcrumbs-content":null,"ast-featured-img":"","footer-sml-layout":"","theme-transparent-header-meta":"default","adv-header-id-meta":"","stick-header-meta":"default","header-above-stick-meta":"","header-main-stick-meta":"","header-below-stick-meta":null,"astra-migrate-meta-layouts":"default","ast-page-background-enabled":"default","ast-page-background-meta":{"desktop":{"background-color":"","background-image":"","background-repeat":"repeat","background-position":"center center","background-size":"auto","background-attachment":"scroll","background-type":"","background-media":"","overlay-type":"","overlay-color":"","overlay-opacity":"","overlay-gradient":""},"tablet":{"background-color":"","background-image":"","background-repeat":"repeat","background-position":"center center","background-size":"auto","background-attachment":"scroll","background-type":"","background-media":"","overlay-type":"","overlay-color":"","overlay-opacity":"","overlay-gradient":""},"mobile":{"background-color":"","background-image":"","background-repeat":"repeat","background-position":"center center","background-size":"auto","background-attachment":"scroll","background-type":"","background-media":"","overlay-type":"","overlay-color":"","overlay-opacity":"","overlay-gradient":""}},"ast-content-background-meta":{"desktop":{"background-color":"var(--ast-global-color-5)","background-image":"","background-repeat":"repeat","background-position":"center center","background-size":"auto","background-attachment":"scroll","background-type":"","background-media":"","overlay-type":"","overlay-color":"","overlay-opacity":"","overlay-gradient":""},"tablet":{"background-color":"var(--ast-global-color-5)","background-image":"","background-repeat":"repeat","background-position":"center center","background-size":"auto","background-attachment":"scroll","background-type":"","background-media":"","overlay-type":"","overlay-color":"","overlay-opacity":"","overlay-gradient":""},"mobile":{"background-color":"var(--ast-global-color-5)","background-image":"","background-repeat":"repeat","background-position":"center center","background-size":"auto","background-attachment":"scroll","background-type":"","background-media":"","overlay-type":"","overlay-color":"","overlay-opacity":"","overlay-gradient":""}},"footnotes":""},"class_list":["post-11744","page","type-page","status-publish","hentry"],"uagb_featured_image_src":{"full":false,"thumbnail":false,"medium":false,"medium_large":false,"large":false,"1536x1536":false,"2048x2048":false,"trp-custom-language-flag":false},"uagb_author_info":{"display_name":"emark2025","author_link":"https:\/\/emarkgroup.com\/es\/author\/emark25\/"},"uagb_comment_info":0,"uagb_excerpt":"Emark Group DMC Protocolos de Seguridad e higiene La Organizaci\u00f3n Mundial de la Salud (WHO) \u00a0aconseja la adopci\u00f3n de medidas de prevenci\u00f3n y control para limitar la propagaci\u00f3n del SARS-CoV-2, el virus que causa el COVID 19. Bas\u00e1ndose en estos requisitos y directrices, Emark Group DMC ha creado protocolos y procedimientos de seguridad. PROTOCOLOS DE&hellip;","_links":{"self":[{"href":"https:\/\/emarkgroup.com\/es\/wp-json\/wp\/v2\/pages\/11744","targetHints":{"allow":["GET"]}}],"collection":[{"href":"https:\/\/emarkgroup.com\/es\/wp-json\/wp\/v2\/pages"}],"about":[{"href":"https:\/\/emarkgroup.com\/es\/wp-json\/wp\/v2\/types\/page"}],"author":[{"embeddable":true,"href":"https:\/\/emarkgroup.com\/es\/wp-json\/wp\/v2\/users\/11"}],"replies":[{"embeddable":true,"href":"https:\/\/emarkgroup.com\/es\/wp-json\/wp\/v2\/comments?post=11744"}],"version-history":[{"count":7,"href":"https:\/\/emarkgroup.com\/es\/wp-json\/wp\/v2\/pages\/11744\/revisions"}],"predecessor-version":[{"id":11759,"href":"https:\/\/emarkgroup.com\/es\/wp-json\/wp\/v2\/pages\/11744\/revisions\/11759"}],"wp:attachment":[{"href":"https:\/\/emarkgroup.com\/es\/wp-json\/wp\/v2\/media?parent=11744"}],"curies":[{"name":"wp","href":"https:\/\/api.w.org\/{rel}","templated":true}]}}